{"id":665,"date":"2024-01-15T14:05:11","date_gmt":"2024-01-15T14:05:11","guid":{"rendered":"https:\/\/startersites.io\/blocksy\/consultant\/?page_id=16"},"modified":"2024-11-19T00:53:15","modified_gmt":"2024-11-18T21:53:15","slug":"contact","status":"publish","type":"page","link":"https:\/\/radionetsaglikhizmetleri.com\/?page_id=665","title":{"rendered":"\u0130leti\u015fim"},"content":{"rendered":"\n<div class=\"wp-block-greenshift-blocks-container gspb_container gspb_container-gsbp-a43e0e1\" id=\"gspb_container-id-gsbp-a43e0e1\">\n<div class=\"wp-block-greenshift-blocks-container gspb_container gspb_container-gsbp-e3d3e91\" id=\"gspb_container-id-gsbp-e3d3e91\"><\/div>\n\n\n\n<div class=\"wp-block-greenshift-blocks-row gspb_row gspb_row-id-gsbp-a510bfa gspb_row--gutter-custom-0\" id=\"gspb_row-id-gsbp-a510bfa\"><div class=\"gspb_row__content\"> \n<div class=\"wp-block-greenshift-blocks-row-column gspb_row__col--6 gspb_row__col--md-12 gspb_col-id-gsbp-cafce71\" id=\"gspb_col-id-gsbp-cafce71\">\n<h1 id=\"gspb_heading-id-gsbp-d65ca84\" class=\"gspb_heading gspb_heading-id-gsbp-d65ca84 \">Size nas\u0131l yard\u0131mc\u0131 olabiliriz&#8230;<\/h1>\n<\/div>\n\n\n\n<div class=\"wp-block-greenshift-blocks-row-column gspb_row__col--6 gspb_row__col--md-12 gspb_col-id-gsbp-3fc62f3\" id=\"gspb_col-id-gsbp-3fc62f3\">\n<div class=\"wp-block-greenshift-blocks-image gspb_image gspb_image-id-gsbp-bade469\" id=\"gspb_image-id-gsbp-bade469\"><img decoding=\"async\" src=\"https:\/\/radionetsaglikhizmetleri.com\/wp-content\/uploads\/2024\/11\/iletisim-3.webp\" data-src=\"\" alt=\"\" loading=\"lazy\" width=\"1005\" height=\"553\"\/><\/div>\n<\/div>\n <\/div><\/div>\n<\/div>\n\n\n\n<div class=\"wp-block-greenshift-blocks-container gspb_container gspb_container-gsbp-6ab512e\" id=\"gspb_container-id-gsbp-6ab512e\">\n<iframe src=\"https:\/\/www.google.com\/maps\/embed?pb=!1m18!1m12!1m3!1d765.6607015468128!2d32.67934606961035!3d39.85983712767266!2m3!1f0!2f0!3f0!3m2!1i1024!2i768!4f13.1!3m3!1m2!1s0x14d33f2edd8c741d%3A0xdf552368801ab2cc!2sAlacaatl%C4%B1%2C%203312.%20Sk.%20No%3A31%2C%2006810%20Yenimahalle%2FAnkara!5e0!3m2!1str!2str!4v1731966746516!5m2!1str!2str\" width=\"100%\" height=\"450\" style=\"border:0;\" allowfullscreen=\"\" loading=\"lazy\" referrerpolicy=\"no-referrer-when-downgrade\"><\/iframe>\n<\/div>\n","protected":false},"excerpt":{"rendered":"","protected":false},"author":3,"featured_media":0,"parent":0,"menu_order":0,"comment_status":"closed","ping_status":"closed","template":"","meta":{"_gspb_post_css":".gspb_container-id-gsbp-a43e0e1,.gspb_container-id-gsbp-e3d3e91{flex-direction:column;box-sizing:border-box}#gspb_container-id-gsbp-6ab512e.gspb_container>p:last-of-type,#gspb_container-id-gsbp-a43e0e1.gspb_container>p:last-of-type,#gspb_container-id-gsbp-e3d3e91.gspb_container>p:last-of-type{margin-bottom:0}#gspb_container-id-gsbp-a43e0e1.gspb_container{position:relative;margin-bottom:100px;padding-right:30px;padding-left:80px}@media (max-width:991.98px){#gspb_container-id-gsbp-a43e0e1.gspb_container{margin-bottom:80px;padding-right:50px;padding-left:50px}}@media (max-width:575.98px){#gspb_container-id-gsbp-a43e0e1.gspb_container{padding-right:40px;padding-left:40px}}#gspb_container-id-gsbp-a43e0e1.gspb_container,#gspb_container-id-gsbp-a43e0e1.gspb_container>.gspb_backgroundOverlay{border-top-left-radius:60px;border-top-right-radius:60px;border-bottom-right-radius:60px;border-bottom-left-radius:60px}@media (max-width:991.98px){#gspb_container-id-gsbp-a43e0e1.gspb_container{border-top-left-radius:20px;border-top-right-radius:20px;border-bottom-right-radius:20px;border-bottom-left-radius:20px}}@media (max-width:991.98px){#gspb_container-id-gsbp-a43e0e1.gspb_container>.gspb_backgroundOverlay{border-top-left-radius:20px;border-top-right-radius:20px;border-bottom-right-radius:20px;border-bottom-left-radius:20px}}#gspb_container-id-gsbp-a43e0e1.gspb_container{background-color:var(--wp--preset--color--palette-color-5, var(--theme-palette-color-5, #E7F4F1))}#gspb_container-id-gsbp-e3d3e91.gspb_container{position:relative;overflow:hidden;border-top-left-radius:60px;border-top-right-radius:60px;border-bottom-right-radius:60px;border-bottom-left-radius:60px}body.gspb-bodyfront #gspb_container-id-gsbp-e3d3e91.gspb_container{position:absolute;top:0;right:0;bottom:0;left:0;width:100%;height:100%}@media (max-width:991.98px){#gspb_container-id-gsbp-e3d3e91.gspb_container{border-top-left-radius:20px;border-top-right-radius:20px;border-bottom-right-radius:20px;border-bottom-left-radius:20px}}#gspb_container-id-gsbp-e3d3e91.gspb_container>.gspb_backgroundOverlay{border-top-left-radius:60px;border-top-right-radius:60px;border-bottom-right-radius:60px;border-bottom-left-radius:60px}@media (max-width:991.98px){#gspb_container-id-gsbp-e3d3e91.gspb_container>.gspb_backgroundOverlay{border-top-left-radius:20px;border-top-right-radius:20px;border-bottom-right-radius:20px;border-bottom-left-radius:20px}}#gspb_row-id-gsbp-a510bfa{justify-content:space-between;margin-top:0;margin-bottom:0;display:flex;flex-wrap:wrap}#gspb_row-id-gsbp-a510bfa>.gspb_row__content{display:flex;justify-content:space-between;margin:0 auto;width:100%;flex-wrap:wrap}.gspb_row{position:relative}div[id^=gspb_col-id]{box-sizing:border-box;position:relative;padding:15px min(3vw,20px)}body.gspb-bodyfront #gspb_row-id-gsbp-a510bfa>.gspb_row__content{width:var(--theme-container-width, 1200px);max-width:var(--theme-normal-container-max-width, 1200px)}#gspb_row-id-gsbp-a510bfa,#gspb_row-id-gsbp-a510bfa>.gspb_backgroundOverlay{border-top-left-radius:60px;border-top-right-radius:60px;border-bottom-right-radius:60px;border-bottom-left-radius:60px}#gspb_col-id-gsbp-cafce71.gspb_row__col--6{width:calc(50% - 15px)}@media (max-width:991.98px){#gspb_col-id-gsbp-cafce71.gspb_row__col--6{width:100%}}@media (max-width:767.98px){#gspb_col-id-gsbp-cafce71.gspb_row__col--6{width:calc(100% - 15px)}}@media (max-width:575.98px){#gspb_col-id-gsbp-cafce71.gspb_row__col--6{width:100%}}@media (min-width:992px){body.gspb-bodyfront #gspb_col-id-gsbp-cafce71.gspb_row__col--6{width:calc(55% - 0px - 15px)}}.gspb_row #gspb_col-id-gsbp-cafce71.gspb_row__col--6{padding:40px 0}@media (max-width:991.98px){.gspb_row #gspb_col-id-gsbp-cafce71.gspb_row__col--6{padding-top:50px;padding-bottom:50px}}@media (max-width:575.98px){.gspb_row #gspb_col-id-gsbp-cafce71.gspb_row__col--6{padding-top:40px;padding-bottom:40px}}body #gspb_col-id-gsbp-cafce71.gspb_row__col--6{display:flex;flex-direction:column;justify-content:center}@media (max-width:991.98px){body #gspb_col-id-gsbp-cafce71.gspb_row__col--6{align-items:center}}#gspb_heading-id-gsbp-d65ca84{font-size:50px}@media (max-width:991.98px){#gspb_heading-id-gsbp-d65ca84{font-size:35px}}@media (max-width:575.98px){#gspb_heading-id-gsbp-d65ca84{font-size:30px}}@media (max-width:991.98px){#gspb_heading-id-gsbp-d65ca84,#gspb_heading-id-gsbp-d65ca84 .gsap-g-line{text-align:center!important}}#gspb_heading-id-gsbp-d65ca84{font-weight:800!important;margin-top:0;margin-bottom:30px}#gspb_col-id-gsbp-3fc62f3.gspb_row__col--6{width:calc(50% - 15px)}@media (max-width:991.98px){#gspb_col-id-gsbp-3fc62f3.gspb_row__col--6{width:100%}}@media (max-width:767.98px){#gspb_col-id-gsbp-3fc62f3.gspb_row__col--6{width:calc(100% - 15px)}}@media (max-width:575.98px){#gspb_col-id-gsbp-3fc62f3.gspb_row__col--6{width:100%}}@media (min-width:992px){body.gspb-bodyfront #gspb_col-id-gsbp-3fc62f3.gspb_row__col--6{width:calc(45% - 0px - 15px)}}.gspb_row #gspb_col-id-gsbp-3fc62f3.gspb_row__col--6{padding:0}body #gspb_col-id-gsbp-3fc62f3.gspb_row__col--6{display:flex;flex-direction:column;justify-content:flex-end}@media (max-width:991.98px){#gspb_image-id-gsbp-bade469{text-align:center}}#gspb_image-id-gsbp-bade469 img{vertical-align:top;display:inline-block;box-sizing:border-box;max-width:100%;height:auto}#gspb_image-id-gsbp-bade469{margin-top:-35px}@media (max-width:991.98px){#gspb_image-id-gsbp-bade469{margin-top:0}#gspb_image-id-gsbp-bade469 img{width:50%}}@media (max-width:575.98px){#gspb_image-id-gsbp-bade469 img{width:90%}}@media (max-width:991.98px){#gspb_image-id-gsbp-bade469,#gspb_image-id-gsbp-bade469 img{height:auto}}@media (max-width:767.98px){#gspb_image-id-gsbp-bade469,#gspb_image-id-gsbp-bade469 img{height:auto}}@media (max-width:575.98px){#gspb_image-id-gsbp-bade469,#gspb_image-id-gsbp-bade469 img{height:auto}}.gspb_container-id-gsbp-6ab512e{flex-direction:column;box-sizing:border-box}#gspb_container-id-gsbp-6ab512e.gspb_container{position:relative}","footnotes":""},"class_list":["post-665","page","type-page","status-publish","hentry"],"blocksy_meta":{"has_hero_section":"disabled","styles_descriptor":{"styles":{"desktop":"","tablet":"","mobile":""},"google_fonts":[],"version":6}},"_links":{"self":[{"href":"https:\/\/radionetsaglikhizmetleri.com\/index.php?rest_route=\/wp\/v2\/pages\/665","targetHints":{"allow":["GET"]}}],"collection":[{"href":"https:\/\/radionetsaglikhizmetleri.com\/index.php?rest_route=\/wp\/v2\/pages"}],"about":[{"href":"https:\/\/radionetsaglikhizmetleri.com\/index.php?rest_route=\/wp\/v2\/types\/page"}],"author":[{"embeddable":true,"href":"https:\/\/radionetsaglikhizmetleri.com\/index.php?rest_route=\/wp\/v2\/users\/3"}],"replies":[{"embeddable":true,"href":"https:\/\/radionetsaglikhizmetleri.com\/index.php?rest_route=%2Fwp%2Fv2%2Fcomments&post=665"}],"version-history":[{"count":7,"href":"https:\/\/radionetsaglikhizmetleri.com\/index.php?rest_route=\/wp\/v2\/pages\/665\/revisions"}],"predecessor-version":[{"id":839,"href":"https:\/\/radionetsaglikhizmetleri.com\/index.php?rest_route=\/wp\/v2\/pages\/665\/revisions\/839"}],"wp:attachment":[{"href":"https:\/\/radionetsaglikhizmetleri.com\/index.php?rest_route=%2Fwp%2Fv2%2Fmedia&parent=665"}],"curies":[{"name":"wp","href":"https:\/\/api.w.org\/{rel}","templated":true}]}}