{"id":12,"date":"2024-01-15T14:04:53","date_gmt":"2024-01-15T14:04:53","guid":{"rendered":"https:\/\/startersites.io\/blocksy\/consultant\/?page_id=12"},"modified":"2024-11-19T00:47:32","modified_gmt":"2024-11-18T21:47:32","slug":"about","status":"publish","type":"page","link":"https:\/\/radionetsaglikhizmetleri.com\/?page_id=12","title":{"rendered":"Hakk\u0131m\u0131zda"},"content":{"rendered":"\n<div class=\"wp-block-greenshift-blocks-container gspb_container gspb_container-gsbp-a43e0e1\" id=\"gspb_container-id-gsbp-a43e0e1\">\n<div class=\"wp-block-greenshift-blocks-container gspb_container gspb_container-gsbp-14b23a8\" id=\"gspb_container-id-gsbp-14b23a8\"><\/div>\n\n\n\n<div class=\"wp-block-greenshift-blocks-row gspb_row gspb_row-id-gsbp-a510bfa gspb_row--gutter-custom-0\" id=\"gspb_row-id-gsbp-a510bfa\"><div class=\"gspb_row__content\"> \n<div class=\"wp-block-greenshift-blocks-row-column gspb_row__col--6 gspb_row__col--md-12 gspb_col-id-gsbp-cafce71\" id=\"gspb_col-id-gsbp-cafce71\">\n<h1 id=\"gspb_heading-id-gsbp-d65ca84\" class=\"gspb_heading gspb_heading-id-gsbp-d65ca84 \">RAD\u0130ONET SA\u011eLIK H\u0130ZMETLER\u0130 OLARAK;<\/h1>\n\n\n\n<div id=\"gspb_text-id-gsbp-83295ab\" class=\"gspb_text gspb_text-id-gsbp-83295ab \">Gelecekte de yapaca\u011f\u0131m\u0131z t\u00fcm i\u015flerde garanti vererek m\u00fc\u015fteri memnuniyetini en \u00fcst d\u00fczeyde tutarak sizlere hizmet vermeye devam edece\u011fiz.<\/div>\n<\/div>\n\n\n\n<div class=\"wp-block-greenshift-blocks-row-column gspb_row__col--6 gspb_row__col--md-12 gspb_col-id-gsbp-3fc62f3\" id=\"gspb_col-id-gsbp-3fc62f3\">\n<div class=\"wp-block-greenshift-blocks-image gspb_image gspb_image-id-gsbp-bade469\" id=\"gspb_image-id-gsbp-bade469\"><img decoding=\"async\" src=\"https:\/\/radionetsaglikhizmetleri.com\/wp-content\/uploads\/2024\/11\/hakkimizda-1.webp\" data-src=\"\" alt=\"\" loading=\"lazy\" width=\"1100\" height=\"1400\"\/><\/div>\n<\/div>\n <\/div><\/div>\n<\/div>\n\n\n\n<div class=\"wp-block-greenshift-blocks-container gspb_container gspb_container-gsbp-7ccdc09\" id=\"gspb_container-id-gsbp-7ccdc09\">\n<div class=\"wp-block-group is-nowrap is-layout-flex wp-container-core-group-is-layout-6c531013 wp-block-group-is-layout-flex\">\n<div class=\"wp-block-greenshift-blocks-iconbox gspb_iconBox gspb_iconBox-id-gsbp-909d043\" id=\"gspb_iconBox-id-gsbp-909d043\"><div class=\"gspb_iconBox__wrapper\" style=\"display:inline-flex\"><svg class=\"\" style=\"display:inline-block;vertical-align:middle\" width=\"72\" height=\"72\" viewBox=\"0 0 1024 1024\" xmlns=\"http:\/\/www.w3.org\/2000\/svg\"><path style=\"fill:#565D66\" d=\"M928 512h-160v-128c0-70.6 57.4-128 128-128h16c26.6 0 48-21.4 48-48v-96c0-26.6-21.4-48-48-48h-16c-176.8 0-320 143.2-320 320v480c0 53 43 96 96 96h256c53 0 96-43 96-96v-256c0-53-43-96-96-96zM352 512h-160v-128c0-70.6 57.4-128 128-128h16c26.6 0 48-21.4 48-48v-96c0-26.6-21.4-48-48-48h-16c-176.8 0-320 143.2-320 320v480c0 53 43 96 96 96h256c53 0 96-43 96-96v-256c0-53-43-96-96-96z\"><\/path><\/svg><\/div><\/div>\n\n\n\n<div id=\"gspb_text-id-gsbp-d3d806f\" class=\"gspb_text gspb_text-id-gsbp-d3d806f \">Kuruldu\u011fu ilk g\u00fcnden bug\u00fcne hizmet kalitesini daima ilk s\u0131rada tutan ve m\u00fc\u015fterilerine do\u011fru \u00fcr\u00fcn\u00fc zaman\u0131nda ve uygun fiyatla sunan ve ilkelerinden asla taviz vermeyen firma olarak hedeflerine ilerleyecektir.<\/div>\n\n\n\n<div class=\"wp-block-greenshift-blocks-iconbox gspb_iconBox gspb_iconBox-id-gsbp-664bac5\" id=\"gspb_iconBox-id-gsbp-664bac5\"><div class=\"gspb_iconBox__wrapper\" style=\"display:inline-flex\"><svg class=\"\" style=\"display:inline-block;vertical-align:middle\" width=\"72\" height=\"72\" viewBox=\"0 0 1024 1024\" xmlns=\"http:\/\/www.w3.org\/2000\/svg\"><path style=\"fill:#565D66\" d=\"M928 64h-256c-53 0-96 43-96 96v256c0 53 43 96 96 96h160v128c0 70.6-57.4 128-128 128h-16c-26.6 0-48 21.4-48 48v96c0 26.6 21.4 48 48 48h16c176.8 0 320-143.2 320-320v-480c0-53-43-96-96-96zM352 64h-256c-53 0-96 43-96 96v256c0 53 43 96 96 96h160v128c0 70.6-57.4 128-128 128h-16c-26.6 0-48 21.4-48 48v96c0 26.6 21.4 48 48 48h16c176.8 0 320-143.2 320-320v-480c0-53-43-96-96-96z\"><\/path><\/svg><\/div><\/div>\n<\/div>\n<\/div>\n\n\n\n<div class=\"wp-block-greenshift-blocks-container gspb_container gspb_container-gsbp-32a6e65\" id=\"gspb_container-id-gsbp-32a6e65\">\n<h2 class=\"wp-block-heading has-text-align-center has-palette-color-1-color has-text-color has-link-color wp-elements-6063bbe848a1ba68c2116e8ff2d8fedf\" id=\"vizyonumuz\">Vizyonumuz;<\/h2>\n\n\n\n<p class=\"has-text-align-center has-palette-color-1-color has-text-color has-link-color has-medium-font-size wp-elements-6d932508ca35cfd7a52b8931d987c5bf\">Ulusal ve uluslararas\u0131 standartlar\u0131 ve yasal mevzuatlar\u0131 dikkate alarak m\u00fc\u015fterilerimizin ihtiya\u00e7lar\u0131na ve gelecekteki beklentilerine uygun \u00fcr\u00fcn ve hizmeti d\u00fcnyan\u0131n her b\u00f6lgesine h\u0131zl\u0131 ve kaliteli bir \u015fekilde ula\u015ft\u0131rmakt\u0131r. Firmam\u0131z bu amac\u0131na, sundu\u011fu hizmet ile kurdu\u011fu sistemde s\u00fcrekli iyile\u015fme ve geli\u015fme felsefesini benimseyerek memnuniyetinde en \u00fcst seviyeye ula\u015faca\u011f\u0131n\u0131n bilincindedir.<\/p>\n\n\n\n<h2 class=\"wp-block-heading has-text-align-center has-palette-color-1-color has-text-color has-link-color wp-elements-97878bcf587f74bb000846d546266bdd\" id=\"vizyonumuz\">Misyonumuz;<\/h2>\n\n\n\n<p class=\"has-text-align-center has-palette-color-1-color has-text-color has-link-color has-medium-font-size wp-elements-0066573cec789f77c42430dc4f8683c3\">D\u00fc\u015f\u00fcnd\u00fc\u011f\u00fcm\u00fcz, s\u00f6yledi\u011fimiz ve yapt\u0131klar\u0131m\u0131z aras\u0131nda tutarl\u0131l\u0131k ve uyuma \u00f6zen g\u00f6sterir, etik bir i\u015f birli\u011fine \u00f6nem veririz.<\/p>\n\n\n\n<h2 class=\"wp-block-heading has-text-align-center has-palette-color-1-color has-text-color has-link-color wp-elements-b3bc5009a287263e84f345b03d6e243b\" id=\"vizyonumuz\">Hedefimiz;<\/h2>\n\n\n\n<p class=\"has-text-align-center has-palette-color-1-color has-text-color has-link-color has-medium-font-size wp-elements-63ed370737d84fbd2e47c974b4b2d524\">Kalitenin s\u00fcreklili\u011fini sa\u011flamak, m\u00fc\u015fteri memnuniyetini zirvede tutmakt\u0131r.<\/p>\n\n\n\n<p class=\"has-text-align-center has-palette-color-1-color has-text-color has-link-color has-medium-font-size wp-elements-a29644461b96c84c5b1ff2729a6b8c82\">Bug\u00fcn oldu\u011fu gibi gelecekte de yapaca\u011f\u0131m\u0131z t\u00fcm i\u015flerde garanti vererek, bundan sonraki faaliyet hayat\u0131nda da edinmi\u015f oldu\u011fu g\u00fcvenilir ve istikrarl\u0131 yap\u0131s\u0131ndan taviz vermeden kal\u0131c\u0131 hizmetler \u00fcretmeye devam edecektir.<\/p>\n<\/div>\n\n\n\n<section class=\"wp-block-greenshift-blocks-row alignfull gspb_row gspb_row-id-gsbp-262074b\" id=\"gspb_row-id-gsbp-262074b\"><div class=\"gspb_row__content\"> \n<div class=\"wp-block-greenshift-blocks-row-column gspb_row__col--12 gspb_col-id-gsbp-73b917a\" id=\"gspb_col-id-gsbp-73b917a\">\n<div class=\"wp-block-greenshift-blocks-video gs-video video gspb_video-id-gsbp-1add4e9\" id=\"gs-video-gsbp-1add4e9\"><div class=\"gs-video-wrapper\" itemscope><div class=\"gs-video-element\" data-src=\"https:\/\/sienasaglik.com.tr\/siena-kalp.mp4\" data-autoplay=\"true\" data-playsinline=\"true\" data-controls=\"false\" data-loop=\"true\" data-mute=\"true\" data-poster=\"\" data-provider=\"video\" data-overlay=\"false\" data-lightbox=\"false\"><\/div><\/div><\/div>\n<\/div>\n <\/div><\/section>\n","protected":false},"excerpt":{"rendered":"","protected":false},"author":3,"featured_media":0,"parent":0,"menu_order":0,"comment_status":"closed","ping_status":"closed","template":"","meta":{"_gspb_post_css":".gspb_container-id-gsbp-14b23a8,.gspb_container-id-gsbp-a43e0e1{flex-direction:column;box-sizing:border-box}#gspb_container-id-gsbp-14b23a8.gspb_container>p:last-of-type,#gspb_container-id-gsbp-32a6e65.gspb_container>p:last-of-type,#gspb_container-id-gsbp-7ccdc09.gspb_container>p:last-of-type,#gspb_container-id-gsbp-a43e0e1.gspb_container>p:last-of-type{margin-bottom:0}#gspb_container-id-gsbp-a43e0e1.gspb_container{position:relative;margin-bottom:100px;padding-right:80px;padding-left:80px}@media (max-width:991.98px){#gspb_container-id-gsbp-a43e0e1.gspb_container{margin-bottom:50px;padding-right:50px;padding-left:50px}}@media (max-width:575.98px){#gspb_container-id-gsbp-a43e0e1.gspb_container{margin-bottom:50px;padding-right:40px;padding-left:40px}}#gspb_container-id-gsbp-a43e0e1.gspb_container,#gspb_container-id-gsbp-a43e0e1.gspb_container>.gspb_backgroundOverlay{border-top-left-radius:60px;border-top-right-radius:60px;border-bottom-right-radius:60px;border-bottom-left-radius:60px}@media (max-width:991.98px){#gspb_container-id-gsbp-a43e0e1.gspb_container{border-top-left-radius:20px;border-top-right-radius:20px;border-bottom-right-radius:20px;border-bottom-left-radius:20px}}@media (max-width:991.98px){#gspb_container-id-gsbp-a43e0e1.gspb_container>.gspb_backgroundOverlay{border-top-left-radius:20px;border-top-right-radius:20px;border-bottom-right-radius:20px;border-bottom-left-radius:20px}}#gspb_container-id-gsbp-a43e0e1.gspb_container{background-color:var(--wp--preset--color--palette-color-5, var(--theme-palette-color-5, #E7F4F1))}#gspb_container-id-gsbp-14b23a8.gspb_container{position:relative;overflow:hidden;border-top-left-radius:60px;border-top-right-radius:60px;border-bottom-right-radius:60px;border-bottom-left-radius:60px}body.gspb-bodyfront #gspb_container-id-gsbp-14b23a8.gspb_container{position:absolute;top:0;right:0;bottom:0;left:0;width:100%;height:100%}@media (max-width:991.98px){#gspb_container-id-gsbp-14b23a8.gspb_container{border-top-left-radius:20px;border-top-right-radius:20px;border-bottom-right-radius:20px;border-bottom-left-radius:20px}}#gspb_container-id-gsbp-14b23a8.gspb_container>.gspb_backgroundOverlay{border-top-left-radius:60px;border-top-right-radius:60px;border-bottom-right-radius:60px;border-bottom-left-radius:60px}@media (max-width:991.98px){#gspb_container-id-gsbp-14b23a8.gspb_container>.gspb_backgroundOverlay{border-top-left-radius:20px;border-top-right-radius:20px;border-bottom-right-radius:20px;border-bottom-left-radius:20px}}#gspb_container-id-gsbp-14b23a8.gspb_container{background-color:var(--wp--preset--color--palette-color-6, var(--theme-palette-color-6, #efeff4))}#gspb_row-id-gsbp-a510bfa{justify-content:space-between;margin-top:0;margin-bottom:0;display:flex;flex-wrap:wrap}#gspb_row-id-gsbp-a510bfa>.gspb_row__content{display:flex;justify-content:space-between;margin:0 auto;width:100%;flex-wrap:wrap}div[id^=gspb_col-id]{box-sizing:border-box;position:relative;padding:15px min(3vw,20px)}body.gspb-bodyfront #gspb_row-id-gsbp-a510bfa>.gspb_row__content{width:var(--theme-container-width, 1200px);max-width:var(--theme-normal-container-max-width, 1200px)}#gspb_row-id-gsbp-a510bfa,#gspb_row-id-gsbp-a510bfa>.gspb_backgroundOverlay{border-top-left-radius:60px;border-top-right-radius:60px;border-bottom-right-radius:60px;border-bottom-left-radius:60px}#gspb_col-id-gsbp-cafce71.gspb_row__col--6{width:calc(50% - 50px)}@media (max-width:991.98px){#gspb_col-id-gsbp-cafce71.gspb_row__col--6{width:100%}}@media (max-width:767.98px){#gspb_col-id-gsbp-cafce71.gspb_row__col--6{width:calc(100% - 50px)}}@media (max-width:575.98px){#gspb_col-id-gsbp-cafce71.gspb_row__col--6{width:100%}}@media (min-width:992px){body.gspb-bodyfront #gspb_col-id-gsbp-cafce71.gspb_row__col--6{width:calc(60% - 0px - 50px)}}.gspb_row #gspb_col-id-gsbp-cafce71.gspb_row__col--6{padding:40px 0}@media (max-width:991.98px){.gspb_row #gspb_col-id-gsbp-cafce71.gspb_row__col--6{padding-top:50px;padding-bottom:50px}}@media (max-width:575.98px){.gspb_row #gspb_col-id-gsbp-cafce71.gspb_row__col--6{padding-top:40px;padding-bottom:40px}}body #gspb_col-id-gsbp-cafce71.gspb_row__col--6{display:flex;flex-direction:column;justify-content:center}@media (max-width:991.98px){body #gspb_col-id-gsbp-cafce71.gspb_row__col--6{align-items:center}}#gspb_heading-id-gsbp-d65ca84{font-size:50px}@media (max-width:991.98px){#gspb_heading-id-gsbp-d65ca84{font-size:35px}}@media (max-width:575.98px){#gspb_heading-id-gsbp-d65ca84{font-size:30px}}@media (max-width:991.98px){#gspb_heading-id-gsbp-d65ca84,#gspb_heading-id-gsbp-d65ca84 .gsap-g-line{text-align:center!important}}#gspb_heading-id-gsbp-d65ca84{font-weight:800!important;margin-top:0;margin-bottom:30px}#gspb_col-id-gsbp-3fc62f3.gspb_row__col--6{width:calc(50% - 50px)}@media (max-width:991.98px){#gspb_col-id-gsbp-3fc62f3.gspb_row__col--6{width:100%}}@media (max-width:767.98px){#gspb_col-id-gsbp-3fc62f3.gspb_row__col--6{width:calc(100% - 50px)}}@media (max-width:575.98px){#gspb_col-id-gsbp-3fc62f3.gspb_row__col--6{width:100%}}@media (min-width:992px){body.gspb-bodyfront #gspb_col-id-gsbp-3fc62f3.gspb_row__col--6{width:calc(40% - 0px - 50px)}}.gspb_row #gspb_col-id-gsbp-3fc62f3.gspb_row__col--6{padding:0}body #gspb_col-id-gsbp-3fc62f3.gspb_row__col--6{display:flex;flex-direction:column;justify-content:flex-end}@media (max-width:991.98px){#gspb_image-id-gsbp-bade469{text-align:center}}#gspb_image-id-gsbp-bade469 img{vertical-align:top;display:inline-block;box-sizing:border-box;max-width:100%;height:auto}#gspb_image-id-gsbp-bade469{margin-top:-35px}@media (max-width:991.98px){#gspb_image-id-gsbp-bade469{margin-top:0}#gspb_image-id-gsbp-bade469 img{width:50%}}@media (max-width:575.98px){#gspb_image-id-gsbp-bade469 img{width:90%}}@media (max-width:991.98px){#gspb_image-id-gsbp-bade469,#gspb_image-id-gsbp-bade469 img{height:auto}}@media (max-width:767.98px){#gspb_image-id-gsbp-bade469,#gspb_image-id-gsbp-bade469 img{height:auto}}@media (max-width:575.98px){#gspb_image-id-gsbp-bade469,#gspb_image-id-gsbp-bade469 img{height:auto}}.gspb_container-id-gsbp-7ccdc09{flex-direction:column;box-sizing:border-box}#gspb_container-id-gsbp-7ccdc09.gspb_container{position:relative;display:flex;flex-direction:column;align-items:center;margin-bottom:72px}@media (max-width:991.98px){#gspb_container-id-gsbp-7ccdc09.gspb_container{margin-bottom:50px}}#gspb_iconBox-id-gsbp-909d043 svg{fill:var(--theme-link-initial-color, currentColor)!important}#gspb_iconBox-id-gsbp-664bac5,#gspb_iconBox-id-gsbp-909d043{align-items:flex-start;justify-content:center;display:flex}.gspb_text-id-gsbp-d3d806f{font-size:var(--wp--preset--font-size--medium)!important;text-align:left!important;color:var(--wp--preset--color--palette-color-1, var(--theme-palette-color-1, #1f2368));margin-top:0!important;margin-bottom:0!important;max-width:1000px}.gspb_text-id-gsbp-d3d806f .gsap-g-line{text-align:left!important}#gspb_iconBox-id-gsbp-664bac5 svg,#gspb_iconBox-id-gsbp-909d043 svg{height:30px!important;width:30px!important;min-width:30px!important;margin:0!important}#gspb_iconBox-id-gsbp-664bac5{align-items:flex-end}#gspb_iconBox-id-gsbp-664bac5 svg,#gspb_iconBox-id-gsbp-664bac5 svg path,#gspb_iconBox-id-gsbp-664bac5 svg:hover,#gspb_iconBox-id-gsbp-664bac5 svg:hover path,#gspb_iconBox-id-gsbp-909d043 svg path,#gspb_iconBox-id-gsbp-909d043 svg:hover,#gspb_iconBox-id-gsbp-909d043 svg:hover path{fill:var(--theme-link-initial-color, currentColor)!important}.gspb_container-id-gsbp-32a6e65{flex-direction:column;box-sizing:border-box}#gspb_container-id-gsbp-32a6e65.gspb_container{position:relative;margin-bottom:66px}#gspb_row-id-gsbp-262074b{justify-content:space-between;margin-top:0;margin-bottom:0;display:flex;flex-wrap:wrap;min-width:100%;max-width:100%}#gspb_row-id-gsbp-262074b>.gspb_row__content{display:flex;justify-content:space-between;margin:0 auto;width:100%;flex-wrap:wrap}.gs-video,.gspb_row{position:relative}body.gspb-bodyfront #gspb_row-id-gsbp-262074b>.gspb_row__content{width:var(--theme-container-width, 1200px);max-width:var(--theme-normal-container-max-width, 1200px)}@media (max-width:575.98px){body #gspb_row-id-gsbp-262074b{display:none!important}}@media (min-width:768px) and (max-width:991.98px){body #gspb_row-id-gsbp-262074b{display:none!important}}#gspb_col-id-gsbp-73b917a.gspb_row__col--12{width:100%}@media (max-width:575.98px){#gspb_col-id-gsbp-73b917a.gspb_row__col--12{width:100%}}@media (min-width:992px){body.gspb-bodyfront #gspb_col-id-gsbp-73b917a.gspb_row__col--12{width:calc(100% - 0px - 0px)}}.gs-video-wrapper{position:relative;height:inherit;max-width:100%}.gs-video-header{text-align:center}.gs-video-header .gs-video-header-title{font-size:24px;line-height:1.3;font-weight:700;margin:0 0 15px}.gs-video-header .gs-video-header-description{font-size:16px;line-height:1.5;margin:0 0 25px}.gs-video video{display:block}.gs-video .gs-video-element,.gs-video .gs-video-wrapper iframe{width:100%;height:100%;object-fit:cover;border:0}.gs-video .gs-video-wrapper iframe{aspect-ratio:16\/9;display:block}.gs-video-overlay{position:absolute;left:0;top:0;width:100%;height:100%;z-index:3;background-color:rgba(0,0,0,.1);background-size:cover;background-position:center;background-repeat:no-repeat;cursor:pointer}.gs-video-overlay .gs-overlay-color{position:absolute;left:0;top:0;width:100%;height:100%;z-index:2}.gs-video-overlay:hover .gs-play-icon{opacity:1}.gs-video-popup .slbContentOuter{width:100%;max-width:1000px}.gs-video-popup .slbContentOuter .slbContent iframe,.gs-video-popup .slbContentOuter .slbContent video{width:100%;height:100%;object-fit:cover}.gs-video-popup .slbContentOuter .slbContent iframe{aspect-ratio:16\/9}.gs-video-popup .slbCloseBtn{font-size:30px;width:40px;height:40px;line-height:40px;right:0;top:-50px}#gs-video-gsbp-1add4e9 .gs-video-wrapper .gs-overlay-color,#gs-video-gsbp-1add4e9 .gs-video-wrapper .gs-overlay-image,#gs-video-gsbp-1add4e9 .gs-video-wrapper .gs-video-overlay,#gs-video-gsbp-1add4e9 .gs-video-wrapper iframe,#gs-video-gsbp-1add4e9 .gs-video-wrapper video,.gs-video-gsbp-1add4e9 .slbContentOuter .slbContent iframe,.gs-video-gsbp-1add4e9 .slbContentOuter .slbContent video{border-top-left-radius:60px;border-top-right-radius:60px;border-bottom-right-radius:60px;border-bottom-left-radius:60px}#gs-video-gsbp-1add4e9 .gs-video-wrapper{height:300px;width:100%}","footnotes":""},"class_list":["post-12","page","type-page","status-publish","hentry"],"blocksy_meta":{"has_hero_section":"disabled","styles_descriptor":{"styles":{"desktop":"","tablet":"","mobile":""},"google_fonts":[],"version":6}},"_links":{"self":[{"href":"https:\/\/radionetsaglikhizmetleri.com\/index.php?rest_route=\/wp\/v2\/pages\/12","targetHints":{"allow":["GET"]}}],"collection":[{"href":"https:\/\/radionetsaglikhizmetleri.com\/index.php?rest_route=\/wp\/v2\/pages"}],"about":[{"href":"https:\/\/radionetsaglikhizmetleri.com\/index.php?rest_route=\/wp\/v2\/types\/page"}],"author":[{"embeddable":true,"href":"https:\/\/radionetsaglikhizmetleri.com\/index.php?rest_route=\/wp\/v2\/users\/3"}],"replies":[{"embeddable":true,"href":"https:\/\/radionetsaglikhizmetleri.com\/index.php?rest_route=%2Fwp%2Fv2%2Fcomments&post=12"}],"version-history":[{"count":30,"href":"https:\/\/radionetsaglikhizmetleri.com\/index.php?rest_route=\/wp\/v2\/pages\/12\/revisions"}],"predecessor-version":[{"id":838,"href":"https:\/\/radionetsaglikhizmetleri.com\/index.php?rest_route=\/wp\/v2\/pages\/12\/revisions\/838"}],"wp:attachment":[{"href":"https:\/\/radionetsaglikhizmetleri.com\/index.php?rest_route=%2Fwp%2Fv2%2Fmedia&parent=12"}],"curies":[{"name":"wp","href":"https:\/\/api.w.org\/{rel}","templated":true}]}}